{"id":102,"date":"2019-01-25T14:48:06","date_gmt":"2019-01-25T13:48:06","guid":{"rendered":"https:\/\/art.marion-meinberg.de\/?page_id=102"},"modified":"2026-04-10T00:08:52","modified_gmt":"2026-04-09T22:08:52","slug":"ausstellungen","status":"publish","type":"page","link":"https:\/\/art.marion-meinberg.de\/en\/vita\/ausstellungen\/","title":{"rendered":"Exhibitions and Publications"},"content":{"rendered":"&nbsp;<\/p>\n<hr>\n<h4><span style=\"color: #999999;\">Exhibitions&nbsp;<\/span><\/h4>\n<p><span style=\"color: #999999;\">2026<\/span><\/p>\n<p><span style=\"color: #999999;\">FMDK Kunstsalon 2026 \/ SINE LOCO V. human \/ online Group Exhibition<\/span><\/p>\n<p><a href=\"https:\/\/denkmalkunst-kunstdenkmal.de\/hann-muenden\/festival\/\" target=\"_blank\" rel=\"noopener\">DenkmalKunst KunstDenkmal \/ Festival \/ Hann. M\u00fcnden<\/a><\/p>\n<p><a href=\"https:\/\/www.gmuender-kunstverein.de\/\" target=\"_blank\" rel=\"noopener\"><span style=\"color: #999999;\">Art Fair Gm\u00fcnd Art Association \/ Prediger Schw\u00e4bisch Gm\u00fcnd<\/span><\/a><\/p>\n<p><a href=\"https:\/\/xpon-art.de\/\" target=\"_blank\" rel=\"noopener\">beSCH\u00d6Nigen xpon-art gallery \/ Hamburg \/ Group Exhibition<\/a><\/p>\n<p><a href=\"https:\/\/kuenstlermesse-dresden.de\/\" target=\"_blank\" rel=\"noopener\"><span style=\"color: #999999;\">10.KMDD Dresden Art Fair, Hygiene Museum Dresden<\/span><\/a><\/p>\n<p><span style=\"color: #999999;\"><a style=\"color: #999999;\" href=\"https:\/\/www.revierkunst.com\/\" target=\"_blank\" rel=\"noopener\">14. Revierkunst, LWL Museum Henrichsh\u00fctte, Hattingen&nbsp;<\/a>\/ Group Exhibition<\/span><\/p>\n<p>&nbsp;<\/p>\n<p><span style=\"color: #999999;\">2025<\/span><\/p>\n<p><span style=\"color: #999999;\">Hannover Art Connecting \/ Hannover \/ Group Exhibition<\/span><\/p>\n<p><a href=\"https:\/\/www.levantehaus.de\/\" target=\"_blank\" rel=\"noopener\"><span style=\"color: #999999;\">Galerie Gerd Uhlig \/ Levantehaus Hamburg \/ Group Exhibition<\/span><\/a><\/p>\n<p><span style=\"color: #999999;\">Baam9 \/ Berlin Artist Art Market&nbsp;<\/span><\/p>\n<p><a href=\"http:\/\/www.der-salon.hamburg\/salon-index.php\" target=\"_blank\" rel=\"noopener\"><span style=\"color: #999999;\">der Salon \/ Eiskeller Hamburg \/ Solo Exhibition<\/span><\/a><\/p>\n<p>&nbsp;<\/p>\n<p><span style=\"color: #999999;\">2024<\/span><\/p>\n<p><a href=\"https:\/\/kunsthaushamburg.de\/politics-of-love\/#\" target=\"_blank\" rel=\"noopener\">Mail Art: Politics of Love \/ Kunsthaus Hamburg \/ Group Exhibition<\/a><\/p>\n<p><span style=\"color: #999999;\">Open Studios BBK Hamburg \/ Exhibition \/ Peute Hamburg \/ Group Exhibition<br \/>\n<\/span><\/p>\n<p><span style=\"color: #999999;\"><a style=\"color: #999999;\" href=\"https:\/\/www.rhein-erft-kreis.de\/microsite\/kunsttage\/index.php\" target=\"_blank\" rel=\"noopener\">36. KunstTage Rhein-Erft \/ Abtei Brauweiler \/ Nordrhein Westfalen \/ Group Exhibition<\/a><\/span><\/p>\n<p><span style=\"color: #999999;\"><a style=\"color: #999999;\" href=\"https:\/\/mumagallery.com\/\" target=\"_blank\" rel=\"noopener\">Muma Gallery Hamburg \/ Solo Exhibition<\/a><\/span><\/p>\n<p><span style=\"color: #999999;\"><a style=\"color: #999999;\" href=\"https:\/\/kuenstlerhaus-sootboern.de\/everyone-but-caspar\/\" target=\"_blank\" rel=\"noopener\">Everyone But Caspar \/ Kunsthalle Niendorf \/ Hamburg \/ International Exhibition \/ Group Exhibition<\/a><\/span><\/p>\n<p>&nbsp;<\/p>\n<p><span style=\"color: #999999;\">2023<\/span><\/p>\n<p><span style=\"color: #999999;\"><a style=\"color: #999999;\" href=\"https:\/\/imagine-transparency.daskurativ.de\/\" target=\"_blank\" rel=\"noopener\">Imagine Transparency \/ Das Kurativ \/ Hamburg<\/a><\/span><\/p>\n<p><span style=\"color: #999999;\">altonale Art Prize \/ Hamburg<\/span><\/p>\n<p><span style=\"color: #999999;\">Gallery Gerd Uhlig \/ Levantehaus Hamburg \/ Group Exhibition<\/span><\/p>\n<p><span style=\"color: #999999;\">Monat Gallery \/ Madrid Spain \/ Group Exhibition<\/span><\/p>\n<p>&nbsp;<\/p>\n<p><span style=\"color: #999999;\">2022<\/span><\/p>\n<p><span style=\"color: #999999;\">The Restless Hour \/ Monat Gallery \/ Madrid \/ Spain<\/span><\/p>\n<p><span style=\"color: #999999;\">Jupiter Haus \/ Hamburg \/ ArtStadt \/ Group Exhibition<\/span><\/p>\n<p><span style=\"color: #999999;\">NordArt \/<a style=\"color: #999999;\" href=\"https:\/\/www.nordart.de\/en\/the-artists\" target=\"_blank\" rel=\"noopener noreferrer\"> Kunstwerk Carlsh\u00fctte \/ B\u00fcdelsdorf&nbsp; Schleswig-Holstein \/ Group Exhibition International<\/a><\/span><\/p>\n<p><span style=\"color: #999999;\">Art Fair \/ Monaco<\/span><\/p>\n<p><span style=\"color: #999999;\">Kunsthaus Kappeln \/ Schleswig-Holstein \/ Group Exhibition<\/span><\/p>\n<p>&nbsp;<\/p>\n<p><span style=\"color: #999999;\">2021<\/span><\/p>\n<p><span style=\"color: #999999;\">Hamburg Future Scholarship from the Authority for Culture and Media in cooperation with the Hamburg Cultural Foundation and the Professional Association of Visual Artists Hamburg<\/span><\/p>\n<p><span style=\"color: #999999;\"><a style=\"color: #999999;\" href=\"https:\/\/www.fmdk.de\/ausstellungen_archiv.html\" target=\"_blank\" rel=\"noopener\">Kunstsalon \/ Zwei:Geteilt \/ Galerie der K\u00fcnstler* im Museum F\u00fcnf Kontinente \/ Munich \/ Group Exhibition<\/a><\/span><\/p>\n<p><span style=\"color: #999999;\">NordArt \/&nbsp; <a style=\"color: #999999;\" href=\"https:\/\/www.nordart.de\/en\/the-artists\" target=\"_blank\" rel=\"noopener noreferrer\">Kunstwerk Carlsh\u00fctte \/ B\u00fcdelsdorf&nbsp; Schleswig-Holstein \/ Group Exhibition International<\/a><\/span><\/p>\n<p>&nbsp;<\/p>\n<p><span style=\"color: #999999;\">2020<\/span><\/p>\n<p><span style=\"color: #999999;\"><a style=\"color: #999999;\" href=\"https:\/\/www.fmdk.de\/ausstellungen_archiv.html\" target=\"_blank\" rel=\"noopener\">Kunstsalon \/ Gestern-Heute-Morgen \/ \u00c4gyptisches Museum Kunstareal Munich \/ Group Exhibition<\/a><\/span><\/p>\n<p><span style=\"color: #999999;\">NEUE ArT \/ Dresden \/ Art Fair<\/span><\/p>\n<p>&nbsp;<\/p>\n<p><span style=\"color: #999999;\">2019<\/span><\/p>\n<p><span style=\"color: #999999;\">Multidimensionality \/ Galerie Azaro Art Spaces \/ Hafencity Hamburg \/ Group Exhibition<\/span><\/p>\n<p><span style=\"color: #999999;\"><a style=\"color: #999999;\" href=\"https:\/\/www.kunst-in-dornum.de\/index.php?page=kuenstler_2019\" target=\"_blank\" rel=\"noopener noreferrer\">26. Dornumer Kunsttage \/ Dornum, Ostfriesland \/ Group Exhibition<\/a><\/span><\/p>\n<p>&nbsp;<\/p>\n<p><span style=\"color: #999999;\">2018<\/span><\/p>\n<p><span style=\"color: #999999;\">11. AlsterArt \/ Hamburg \/ Art Fair<\/span><\/p>\n<p><span style=\"color: #999999;\">&nbsp;Remix &amp; Fusion \/ Grace Denker Gallery \/ Hamburg \/ Group Exhibition<\/span><\/p>\n<p><span style=\"color: #999999;\">Pop Up Gallery \/ Hamburg \/ Solo Exhibition<\/span><\/p>\n<p><span style=\"color: #999999;\"><a style=\"color: #999999;\" href=\"https:\/\/www.fabrikderkuenste.de\/archiv\/position.html\" target=\"_blank\" rel=\"noopener noreferrer\">POSITION. \/ Fabrik der K\u00fcnste \/ BBK Hamburg \/ Group Exhibition<\/a><\/span><\/p>\n<p>&nbsp;<\/p>\n<p><span style=\"color: #999999;\">2016-2017<\/span><\/p>\n<p><span style=\"color: #999999;\"><a style=\"color: #999999;\" href=\"https:\/\/www.instagram.com\/seinsche_interior\/\" target=\"_blank\" rel=\"noopener noreferrer\">Pasi\u00f3n \/ Seinsche Interior &amp; Design \/ Hamburg (Eppendorf) \/ Solo Exhibition<\/a><\/span><\/p>\n<p>&nbsp;<\/p>\n<p><span style=\"color: #999999;\">2015<\/span><\/p>\n<p><span style=\"color: #999999;\">Lebensklang \/ Zehntscheuer \/ Abtsgm\u00fcnd Baden-W\u00fcrttemberg \/ Solo Exhibition<\/span><\/p>\n<p>&nbsp;<\/p>\n<p><span style=\"color: #999999;\">2014<\/span><\/p>\n<p><span style=\"color: #999999;\">Internationale exhibition \/ Winter R\u00e4ume &#8211; Schloss Untergr\u00f6ningen \/ Abtsgm\u00fcnd Baden-W\u00fcrttemberg&nbsp; \/ Group Exhibition<\/span><\/p>\n<p>&nbsp;<\/p>\n<p><span style=\"color: #999999;\">2013<\/span><\/p>\n<p><span style=\"color: #999999;\"> Kunstklinik Bethanien \/ Hamburg (Eppendorf) \/ Group Exhibition<\/span><\/p>\n<p>&nbsp;<\/p>\n<p><span style=\"color: #999999;\">2012<\/span><\/p>\n<p><span style=\"color: #999999;\">+art gallery \/ Hamburg (Eppendorf) \/ Solo Exhibition<\/span><\/p>\n<hr>\n<h4><span style=\"color: #999999;\">Publications<\/span><\/h4>\n<p><span style=\"color: #999999;\">2024<\/span><\/p>\n<p><a href=\"http:\/\/www.hyperzine.de\/files\/index_start.php?seite=1&amp;folge=go\" target=\"_blank\" rel=\"noopener\">Catalog Marion Meinberg &#8220;In the Middle of the Swing&#8221; \/ hyperzine Verlag \/ ISBN 978-3-948127-49-7<\/a><\/p>\n<p><span style=\"color: #999999;\"><a style=\"color: #999999;\" href=\"https:\/\/www.rhein-erft-kreis.de\/microsite\/kunsttage\/index.php\" target=\"_blank\" rel=\"noopener\">Catalog 36. KunstTage Rhein-Erft \/ Abtei Brauweiler \/ Nordrhein Westfalen<\/a><\/span><\/p>\n<p><span style=\"color: #999999;\"><a style=\"color: #999999;\" href=\"https:\/\/www.art.salon\/catalog2024\" target=\"_blank\" rel=\"noopener\">Catalog Art.Salon \/ Selected Artist 2024<\/a><\/span><\/p>\n<p>&nbsp;<\/p>\n<p><span style=\"color: #999999;\">2022<\/span><\/p>\n<p><a href=\"https:\/\/nordart.ticketfritz.de\/Shop\/Index\/kataloge--buecher\/33147\" target=\"_blank\" rel=\"noopener\"><span style=\"color: #999999;\">&nbsp;Catalog NordArt 2022 \/ ISBN 978-3-9818781-4-1<\/span><\/a><\/p>\n<p>&nbsp;<\/p>\n<p><span style=\"color: #999999;\">2021&nbsp;<\/span><\/p>\n<p><span style=\"color: #999999;\"><a style=\"color: #999999;\" href=\"https:\/\/www.fmdk.de\/Archiv%20Ausstellungen%20Sondershows\/2021_KUNSTSALON_ZWEI-GETEILT.html\" target=\"_blank\" rel=\"noopener noreferrer\">Catalog Kunstsalon 2021 \/ ISBN 978-3-946803-91-1<\/a><\/span><\/p>\n<p><a href=\"https:\/\/nordart.ticketfritz.de\/Shop\/Index\/kataloge--buecher\/33147\" target=\"_blank\" rel=\"noopener\"><span style=\"color: #999999;\">Catalog NordArt 2021 \/ ISBN 978-3-9818781-3-4<\/span><\/a><\/p>\n<p>&nbsp;<\/p>\n<p><span style=\"color: #999999;\">2020<\/span><\/p>\n<p><span style=\"color: #999999;\"><a style=\"color: #999999;\" href=\"https:\/\/www.verlag-hubert-kretschmer.de\/produkt\/kunstsalon-2020-gestern-heute-morgen\/\" target=\"_blank\" rel=\"noopener noreferrer\">Catalog Kunstsalon 2020 \/ icon Verlag, M\u00fcnchen \/ ISBN 978-946803-77-5<\/a><\/span><\/p>\n<p><span style=\"color: #999999;\">Catalog NEUE ArT<\/span><\/p>\n<p>&nbsp;<\/p>\n<p><span style=\"color: #999999;\">2019 <\/span><\/p>\n<p><span style=\"color: #999999;\">Catalog 26. Dornumer Kunsttage \/ Ostfriesland<\/span><\/p>\n<p>&nbsp;<\/p>\n<p><span style=\"color: #999999;\">2018&nbsp;<\/span><\/p>\n<p><span style=\"color: #999999;\"><a style=\"color: #999999;\" href=\"https:\/\/www.bbk-hamburg.de\/category\/publikationen\/\" target=\"_blank\" rel=\"noopener noreferrer\">Publication&nbsp; POSITION \/ Verlag f\u00fcr permanente Kunst \/ ISBN 978-3-944173-96-2<\/a><\/span><\/p>\n<p><span style=\"color: #999999;\">Catalog \/ Art Fair Alster Art<\/span><\/p>\n<p><span style=\"color: #999999;\">Catalog&nbsp; &#8220;Character &#8211; Animals&#8221; and &#8220;Sound of Life&#8221; \/ Own production<\/span><\/p>\n<hr>\n<div class=\"su-row\">\n<div class=\"su-column su-column-size-1-5 grayscale\"><div class=\"su-column-inner su-u-clearfix su-u-trim\"><a href=\"https:\/\/www.instagram.com\/marion.meinberg\/?hl=de\" target=\"_blank\" rel=\"noopener\">Instagram<\/a><\/div><\/div>\n<div class=\"su-column su-column-size-1-5 grayscale\"><div class=\"su-column-inner su-u-clearfix su-u-trim\"><a href=\"https:\/\/www.facebook.com\/marion.meinberg\/\" target=\"_blank\" rel=\"noopener\">Facebook<\/a><\/div><\/div>\n<div class=\"su-column su-column-size-1-5 grayscale\"><div class=\"su-column-inner su-u-clearfix su-u-trim\"><a href=\"https:\/\/art.marion-meinberg.de\/en\/news\/was-kommt\/#\">Upcoming<\/a><\/div><\/div>\n<div class=\"su-column su-column-size-1-5 grayscale\"><div class=\"su-column-inner su-u-clearfix su-u-trim\"><a href=\"https:\/\/art.marion-meinberg.de\/en\/news\/was-bleibt\/#page\">Previus<\/a><\/div><\/div>\n<div class=\"su-column su-column-size-1-5 grayscale\"><div class=\"su-column-inner su-u-clearfix su-u-trim\"><a href=\"https:\/\/art.marion-meinberg.de\/en\/kunstdruck\/limitierte-editionen\/#\">Limited Editions<\/a><\/div><\/div>\n<\/div>\n<div class=\"su-row\">\n<div class=\"su-column su-column-size-1-5 grayscale\"><div class=\"su-column-inner su-u-clearfix su-u-trim\"><a href=\"https:\/\/art.marion-meinberg.de\/en\/malerei\/malerei-gestalt-tiere\/#page\">Character Animals<\/a><\/div><\/div>\n<div class=\"su-column su-column-size-1-5 grayscale\"><div class=\"su-column-inner su-u-clearfix su-u-trim\"><a href=\"https:\/\/art.marion-meinberg.de\/en\/malerei\/malerei-lebensklang\/#\">Sound of Life<\/a><\/div><\/div>\n<div class=\"su-column su-column-size-1-5 grayscale\"><div class=\"su-column-inner su-u-clearfix su-u-trim\"><a href=\"https:\/\/art.marion-meinberg.de\/en\/malerei\/offbeat-huehner\/#\">Offbeat<\/a><\/div><\/div>\n<div class=\"su-column su-column-size-1-5 grayscale\"><div class=\"su-column-inner su-u-clearfix su-u-trim\"><a href=\"https:\/\/art.marion-meinberg.de\/en\/malerei\/skulpturen\/#page\">Sculptures<\/a><\/div><\/div>\n<div class=\"su-column su-column-size-1-5 grayscale\"><div class=\"su-column-inner su-u-clearfix su-u-trim\"><a href=\"https:\/\/art.marion-meinberg.de\/en\/kontakt\/atelier\/#\">Contact<\/a><\/div><\/div>\n<\/div>\n<div class=\"su-row\">\n<div class=\"su-column su-column-size-1-5 grayscale\"><div class=\"su-column-inner su-u-clearfix su-u-trim\"><a href=\"https:\/\/art.marion-meinberg.de\/en\/vita\/ausstellungen\/#\">Exhibitions<\/a><\/div><\/div>\n<div class=\"su-column su-column-size-1-5 grayscale\"><div class=\"su-column-inner su-u-clearfix su-u-trim\"><a href=\"https:\/\/art.marion-meinberg.de\/en\/vita\/biografie\/#\">Biography<\/a><\/div><\/div>\n<div class=\"su-column su-column-size-1-5 grayscale\"><div class=\"su-column-inner su-u-clearfix su-u-trim\"><a href=\"https:\/\/art.marion-meinberg.de\/en\/malerei\/projekte\/#\">Projects<\/a><\/div><\/div>\n<div class=\"su-column su-column-size-1-5 grayscale\"><div class=\"su-column-inner su-u-clearfix su-u-trim\"><a href=\"https:\/\/art.marion-meinberg.de\/en\/vita\/willkommen\/#\">Catalog<\/a><\/div><\/div>\n<div class=\"su-column su-column-size-1-5 grayscale\"><div class=\"su-column-inner su-u-clearfix su-u-trim\"><a href=\"https:\/\/www.youtube.com\/watch?v=qCAT-NmDBXk\" target=\"_blank\" rel=\"noopener\">YouTube<\/a><\/div><\/div>\n<\/div>\n<hr>","protected":false},"excerpt":{"rendered":"<p>&nbsp; Exhibitions&nbsp; 2026 FMDK Kunstsalon 2026 \/ SINE LOCO V. human \/ online Group Exhibition DenkmalKunst KunstDenkmal \/ Festival \/ Hann. M\u00fcnden Art Fair Gm\u00fcnd Art Association \/ Prediger Schw\u00e4bisch Gm\u00fcnd beSCH\u00d6Nigen xpon-art gallery&#46;&#46;&#46;<\/p>\n","protected":false},"author":1,"featured_media":0,"parent":21,"menu_order":0,"comment_status":"closed","ping_status":"closed","template":"","meta":{"ngg_post_thumbnail":0},"aioseo_notices":[],"_links":{"self":[{"href":"https:\/\/art.marion-meinberg.de\/en\/wp-json\/wp\/v2\/pages\/102"}],"collection":[{"href":"https:\/\/art.marion-meinberg.de\/en\/wp-json\/wp\/v2\/pages"}],"about":[{"href":"https:\/\/art.marion-meinberg.de\/en\/wp-json\/wp\/v2\/types\/page"}],"author":[{"embeddable":true,"href":"https:\/\/art.marion-meinberg.de\/en\/wp-json\/wp\/v2\/users\/1"}],"replies":[{"embeddable":true,"href":"https:\/\/art.marion-meinberg.de\/en\/wp-json\/wp\/v2\/comments?post=102"}],"version-history":[{"count":226,"href":"https:\/\/art.marion-meinberg.de\/en\/wp-json\/wp\/v2\/pages\/102\/revisions"}],"predecessor-version":[{"id":4872,"href":"https:\/\/art.marion-meinberg.de\/en\/wp-json\/wp\/v2\/pages\/102\/revisions\/4872"}],"up":[{"embeddable":true,"href":"https:\/\/art.marion-meinberg.de\/en\/wp-json\/wp\/v2\/pages\/21"}],"wp:attachment":[{"href":"https:\/\/art.marion-meinberg.de\/en\/wp-json\/wp\/v2\/media?parent=102"}],"curies":[{"name":"wp","href":"https:\/\/api.w.org\/{rel}","templated":true}]}}