{"id":228,"date":"2019-02-05T19:26:33","date_gmt":"2019-02-05T18:26:33","guid":{"rendered":"https:\/\/art.marion-meinberg.de\/?page_id=228"},"modified":"2023-01-30T20:18:37","modified_gmt":"2023-01-30T19:18:37","slug":"datenschutz","status":"publish","type":"page","link":"https:\/\/art.marion-meinberg.de\/en\/datenschutz\/","title":{"rendered":"Datenschutz"},"content":{"rendered":"<hr \/>\n<p>Liebe Besucher meiner Art-Webseite,<\/p>\n<p>Ich freue mich sehr \u00fcber Ihr Interesse an meiner Seite. Datenschutz hat einen besonders hohen Stellenwert f\u00fcr Marion Meinberg \/ Art. Eine Nutzung meiner Internetseiteist ist grunds\u00e4tzlich ohne jede Angabe personenbezogener Daten m\u00f6glich.<br \/>\nDie Verarbeitung personenbezogener Daten, beispielsweise des Namens, der Anschrift, E-Mail-Adresse oder Telefonnummer, erfolgt stets im Einklang mit der Datenschutz-Grundverordnung.<br \/>\nDennoch k\u00f6nnen Internetbasierte Daten\u00fcbertragungen grunds\u00e4tzlich Sicherheitsl\u00fccken aufweisen, sodass ein absoluter Schutz nicht gew\u00e4hrleistet werden kann. Aus diesem Grund steht es jeder Person frei, personenbezogene Daten auch auf alternativen Wegen an mich zu \u00fcbermitteln.<\/p>\n<hr \/>\n<h4>Datenschutzerkl\u00e4rung<\/h4>\n<p>Personenbezogene Daten (nachfolgend zumeist nur \u201eDaten\u201c genannt) werden von uns nur im Rahmen der Erforderlichkeit sowie zum Zwecke der Bereitstellung eines funktionsf\u00e4higen und nutzerfreundlichen Internetauftritts, inklusive seiner Inhalte und der dort angebotenen Leistungen, verarbeitet.<\/p>\n<p>Gem\u00e4\u00df Art. 4 Ziffer 1. der Verordnung (EU) 2016\/679, also der Datenschutz-Grundverordnung (nachfolgend nur \u201eDSGVO\u201c genannt), gilt als \u201eVerarbeitung\u201c jeder mit oder ohne Hilfe automatisierter Verfahren ausgef\u00fchrter Vorgang oder jede solche Vorgangsreihe im Zusammenhang mit personenbezogenen Daten, wie das Erheben, das Erfassen, die Organisation, das Ordnen, die Speicherung, die Anpassung oder Ver\u00e4nderung, das Auslesen, das Abfragen, die Verwendung, die Offenlegung durch \u00dcbermittlung, Verbreitung oder eine andere Form der Bereitstellung, den Abgleich oder die Verkn\u00fcpfung, die Einschr\u00e4nkung, das L\u00f6schen oder die Vernichtung.<\/p>\n<p>Mit der nachfolgenden Datenschutzerkl\u00e4rung informieren wir Sie insbesondere \u00fcber Art, Umfang, Zweck, Dauer und Rechtsgrundlage der Verarbeitung personenbezogener Daten, soweit wir entweder allein oder gemeinsam mit anderen \u00fcber die Zwecke und Mittel der Verarbeitung entscheiden. Zudem informieren wir Sie nachfolgend \u00fcber die von uns zu Optimierungszwecken sowie zur Steigerung der Nutzungsqualit\u00e4t eingesetzten Fremdkomponenten, soweit hierdurch Dritte Daten in wiederum eigener Verantwortung verarbeiten.<\/p>\n<p>Unsere Datenschutzerkl\u00e4rung ist wie folgt gegliedert:<\/p>\n<ol>\n<li style=\"padding-left: 30px;\">Informationen \u00fcber uns als Verantwortliche<\/li>\n<li style=\"padding-left: 30px;\">Rechte der Nutzer und Betroffenen<\/li>\n<li style=\"padding-left: 30px;\">Informationen zur Datenverarbeitung<\/li>\n<li style=\"padding-left: 30px;\">Widerspruchsrecht<\/li>\n<li style=\"padding-left: 30px;\">Aktualit\u00e4t und \u00c4nderung dieser Datenschutzerkl\u00e4rung<\/li>\n<\/ol>\n<hr \/>\n<h4>1) Informationen \u00fcber uns als Verantwortliche<\/h4>\n<p>Verantwortlicher dieses Internetauftritts im datenschutzrechtlichen Sinne ist:<\/p>\n<p>Marion Meinberg<br \/>\nAlsterdorfer Strasse 77<br \/>\n22233 Hamburg<br \/>\nDeutschland<\/p>\n<p>Telefon: 040-51208939<br \/>\nE-Mail: mail@marion-meinberg.de<\/p>\n<hr \/>\n<h4>2) Rechte der Nutzer und Betroffenen<\/h4>\n<p>Mit Blick auf die nachfolgend noch n\u00e4her beschriebene Datenverarbeitung haben die Nutzer und Betroffenen das Recht<\/p>\n<ul>\n<li style=\"padding-left: 30px;\">auf Best\u00e4tigung, ob sie betreffende Daten verarbeitet werden, auf Auskunft \u00fcber die verarbeiteten Daten, auf weitere Informationen \u00fcber die Datenverarbeitung sowie auf Kopien der Daten (vgl. auch Art. 15 DSGVO);<\/li>\n<li style=\"padding-left: 30px;\">auf Berichtigung oder Vervollst\u00e4ndigung unrichtiger bzw. unvollst\u00e4ndiger Daten (vgl. auch Art. 16 DSGVO);<\/li>\n<li style=\"padding-left: 30px;\">auf unverz\u00fcgliche L\u00f6schung der sie betreffenden Daten (vgl. auch Art. 17 DSGVO), oder, alternativ, soweit eine weitere Verarbeitung gem\u00e4\u00df Art. 17 Abs. 3 DSGVO erforderlich ist, auf Einschr\u00e4nkung der Verarbeitung nach Ma\u00dfgabe von Art. 18 DSGVO;<\/li>\n<li style=\"padding-left: 30px;\">auf Erhalt der sie betreffenden und von ihnen bereitgestellten Daten und auf \u00dcbermittlung dieser Daten an andere Anbieter\/Verantwortliche (vgl. auch Art. 20 DSGVO);<\/li>\n<li style=\"padding-left: 30px;\">auf Beschwerde gegen\u00fcber der Aufsichtsbeh\u00f6rde, sofern sie der Ansicht sind, dass die sie betreffenden Daten durch den Anbieter unter Versto\u00df gegen datenschutzrechtliche Bestimmungen verarbeitet werden (vgl. auch Art. 77 DSGVO).<\/li>\n<\/ul>\n<p>Dar\u00fcber hinaus ist der Anbieter dazu verpflichtet, alle Empf\u00e4nger, denen gegen\u00fcber Daten durch den Anbieter offengelegt worden sind, \u00fcber jedwede Berichtigung oder L\u00f6schung von Daten oder die Einschr\u00e4nkung der Verarbeitung, die aufgrund der Artikel 16, 17 Abs. 1, 18 DSGVO erfolgt, zu unterrichten. Diese Verpflichtung besteht jedoch nicht, soweit diese Mitteilung unm\u00f6glich oder mit einem unverh\u00e4ltnism\u00e4\u00dfigen Aufwand verbunden ist. Unbeschadet dessen hat der Nutzer ein Recht auf Auskunft \u00fcber diese Empf\u00e4nger. Ebenfalls haben die Nutzer und Betroffenen nach Art. 21 DSGVO das Recht auf Widerspruch gegen die k\u00fcnftige Verarbeitung der sie betreffenden Daten, sofern die Daten durch den Anbieter nach Ma\u00dfgabe von Art. 6 Abs. 1 lit. f) DSGVO verarbeitet werden. Insbesondere ist ein Widerspruch gegen die Datenverarbeitung zum Zwecke der Direktwerbung statthaft.<\/p>\n<hr \/>\n<h4>3) Informationen zur Datenverarbeitung<\/h4>\n<p>Ihre bei Nutzung unseres Internetauftritts verarbeiteten Daten werden gel\u00f6scht oder gesperrt, sobald der Zweck der Speicherung entf\u00e4llt, der L\u00f6schung der Daten keine gesetzlichen Aufbewahrungspflichten entgegenstehen und nachfolgend keine anderslautenden Angaben zu einzelnen Verarbeitungsverfahren gemacht werden.<\/p>\n<h4>Serverdaten<\/h4>\n<p>Aus technischen Gr\u00fcnden, insbesondere zur Gew\u00e4hrleistung eines sicheren und stabilen Internetauftritts, werden Daten durch Ihren Internet-Browser an uns bzw. an unseren Webspace-Provider \u00fcbermittelt. Mit diesen sog. Server-Logfiles werden u.a. Typ und Version Ihres Internetbrowsers, das Betriebssystem, die Website, von der aus Sie auf unseren Internetauftritt gewechselt haben (Referrer URL), die Website(s) unseres Internetauftritts, die Sie besuchen, Datum und Uhrzeit des jeweiligen Zugriffs sowie die IP-Adresse des Internetanschlusses, von dem aus die Nutzung unseres Internetauftritts erfolgt, erhoben. Diese so erhobenen Daten werden vorr\u00fcbergehend gespeichert, dies jedoch nicht gemeinsam mit anderen Daten von Ihnen. Diese Speicherung erfolgt auf der Rechtsgrundlage von Art. 6 Abs. 1 lit. f) DSGVO. Unser berechtigtes Interesse liegt in der Verbesserung, Stabilit\u00e4t, Funktionalit\u00e4t und Sicherheit unseres Internetauftritts. Die Daten werden sp\u00e4testens nach sieben Tage wieder gel\u00f6scht, soweit keine weitere Aufbewahrung zu Beweiszwecken erforderlich ist. Andernfalls sind die Daten bis zur endg\u00fcltigen Kl\u00e4rung eines Vorfalls ganz oder teilweise von der L\u00f6schung ausgenommen.<\/p>\n<h4>Cookies<\/h4>\n<h6>a) Sitzungs-Cookies\/Session-Cookies<\/h6>\n<p>Wir verwenden mit unserem Internetauftritt sog. Cookies. Cookies sind kleine Textdateien oder andere Speichertechnologien, die durch den von Ihnen eingesetzten Internet-Browser auf Ihrem Endger\u00e4t ablegt und gespeichert werden. Durch diese Cookies werden im individuellen Umfang bestimmte Informationen von Ihnen, wie beispielsweise Ihre Browser- oder Standortdaten oder Ihre IP-Adresse, verarbeitet. Durch diese Verarbeitung wird unser Internetauftritt benutzerfreundlicher, effektiver und sicherer, da die Verarbeitung bspw. die Wiedergabe unseres Internetauftritts in unterschiedlichen Sprachen oder das Angebot einer Warenkorbfunktion erm\u00f6glicht. Rechtsgrundlage dieser Verarbeitung ist Art. 6 Abs. 1 lit b.) DSGVO, sofern diese Cookies Daten zur Vertragsanbahnung oder Vertragsabwicklung verarbeitet werden. Falls die Verarbeitung nicht der Vertragsanbahnung oder Vertragsabwicklung dient, liegt unser berechtigtes Interesse in der Verbesserung der Funktionalit\u00e4t unseres Internetauftritts. Rechtsgrundlage ist in dann Art. 6 Abs. 1 lit. f) DSGVO. Mit Schlie\u00dfen Ihres Internet-Browsers werden diese Session-Cookies gel\u00f6scht.<\/p>\n<h6>b) Drittanbieter-Cookies<\/h6>\n<p>Gegebenenfalls werden mit unserem Internetauftritt auch Cookies von Partnerunternehmen, mit denen wir zum Zwecke der Werbung, der Analyse oder der Funktionalit\u00e4ten unseres Internetauftritts zusammenarbeiten, verwendet. Die Einzelheiten hierzu, insbesondere zu den Zwecken und den Rechtsgrundlagen der Verarbeitung solcher Drittanbieter-Cookies, entnehmen Sie bitte den nachfolgenden Informationen.<\/p>\n<h6>c) Beseitigungsm\u00f6glichkeit<\/h6>\n<p>Sie k\u00f6nnen die Installation der Cookies durch eine Einstellung Ihres Internet-Browsers verhindern oder einschr\u00e4nken. Ebenfalls k\u00f6nnen Sie bereits gespeicherte Cookies jederzeit l\u00f6schen. Die hierf\u00fcr erforderlichen Schritte und Ma\u00dfnahmen h\u00e4ngen jedoch von Ihrem konkret genutzten Internet-Browser ab. Bei Fragen benutzen Sie daher bitte die Hilfefunktion oder Dokumentation Ihres Internet-Browsers oder wenden sich an dessen Hersteller bzw. Support. Bei sog. Flash-Cookies kann die Verarbeitung allerdings nicht \u00fcber die Einstellungen des Browsers unterbunden werden. Stattdessen m\u00fcssen Sie insoweit die Einstellung Ihres Flash-Players \u00e4ndern. Auch die hierf\u00fcr erforderlichen Schritte und Ma\u00dfnahmen h\u00e4ngen von Ihrem konkret genutzten Flash-Player ab. Bei Fragen benutzen Sie daher bitte ebenso die Hilfefunktion oder Dokumentation Ihres Flash-Players oder wenden sich an den Hersteller bzw. Benutzer-Support. Sollten Sie die Installation der Cookies verhindern oder einschr\u00e4nken, kann dies allerdings dazu f\u00fchren, dass nicht s\u00e4mtliche Funktionen unseres Internetauftritts vollumf\u00e4nglich nutzbar sind.<\/p>\n<ul>\n<li style=\"padding-left: 30px;\">Cookie-Deaktivierungsseite der Netzwerkwerbeinitiative:<br \/>\n<a href=\"http:\/\/optout.networkadvertising.org\/?c=1#!\/\" target=\"_blank\" rel=\"noopener\">http:\/\/optout.networkadvertising.org\/?c=1#!\/<\/a><\/li>\n<li style=\"padding-left: 30px;\">Cookie-Deaktivierungsseite der US-amerikanischen Website:<br \/>\n<a href=\"http:\/\/optout.aboutads.info\/?c=2#!\/\" target=\"_blank\" rel=\"noopener\">http:\/\/optout.aboutads.info\/?c=2#!\/<\/a><\/li>\n<li style=\"padding-left: 30px;\">Cookie-Deaktivierungsseite der europ\u00e4ischen Website:<br \/>\n<a href=\"http:\/\/optout.networkadvertising.org\/?c=1#!\/\" target=\"_blank\" rel=\"noopener\">http:\/\/optout.networkadvertising.org\/?c=1#!\/<\/a><\/li>\n<\/ul>\n<h4>Kontaktanfragen \/ Kontaktm\u00f6glichkeit<\/h4>\n<p>Sofern Sie per E-Mail mit uns in Kontakt treten, werden die dabei von Ihnen angegebenen Daten zur Bearbeitung Ihrer Anfrage genutzt. Die Angabe der Daten ist zur Bearbeitung und Beantwortung Ihre Anfrage erforderlich &#8211; ohne deren Bereitstellung k\u00f6nnen wir Ihre Anfrage nicht beantworten. Rechtsgrundlage f\u00fcr diese Verarbeitung ist Art. 6 Abs. 1 lit. b) DSGVO. Ihre Daten werden gel\u00f6scht, sofern Ihre Anfrage abschlie\u00dfend beantwortet worden ist und der L\u00f6schung keine gesetzlichen Aufbewahrungspflichten entgegenstehen, wie bspw. bei einer sich etwaig anschlie\u00dfenden Vertragsabwicklung.<\/p>\n<h4>Google Fonts<\/h4>\n<p>Diese Website nutzt zur Darstellung von Schriftarten Google Fonts, die von Google bereitgestellt werden. Diese von mir genutzten Google Fonts sind lokal eingebunden. Eine Verbindung zu Servern von Google findet dabei nicht statt. Daher wird Ihre IP-Adresse nicht an Google in die USA \u00fcbermittelt, um Fonts nachzuladen. Weitere Informationen zur Verarbeitung der Daten im Rahmen der Nutzung von Google Fonts erhalten Sie hier: <a href=\"https:\/\/fonts.google.com\/knowledge\" rel=\"noopener\" target=\"_blank\">https:\/\/fonts.google.com\/knowledge<\/a>, <a href=\"https:\/\/policies.google.com\/privacy?hl=en\" rel=\"noopener\" target=\"_blank\">https:\/\/policies.google.com\/privacy?hl=en<\/a>.<\/p>\n<h4>Social Media Plug-ins<\/h4>\n<p>Wir setzen auf unserer Website auf Grundlage des Art. 6 Abs. 1 S. 1 lit. f DSGVO Social Plug-ins der sozialen Netzwerke Facebook, Twitter und Instagram ein, um unsere Kanzlei hier\u00fcber bekannter zu machen. Der dahinterstehende werbliche Zweck ist als berechtigtes Interesse im Sinne der DSGVO anzusehen. Die Verantwortung f\u00fcr den datenschutzkonformen Betrieb ist durch deren jeweiligen Anbieter zu gew\u00e4hrleisten. Die Einbindung dieser Plug-ins durch uns erfolgt im Wege der sogenannten Zwei-Klick-Methode um Besucher unserer Webseite bestm\u00f6glich zu sch\u00fctzen.<\/p>\n<h4>Social Media Plug-ins<\/h4>\n<p>Wir setzen auf unserer Website auf Grundlage des Art. 6 Abs. 1 S. 1 lit. f DSGVO Social Plug-ins der sozialen Netzwerke Facebook, Twitter und Instagram ein, um unsere Kanzlei hier\u00fcber bekannter zu machen. Der dahinterstehende werbliche Zweck ist als berechtigtes Interesse im Sinne der DSGVO anzusehen. Die Verantwortung f\u00fcr den datenschutzkonformen Betrieb ist durch deren jeweiligen Anbieter zu gew\u00e4hrleisten. Die Einbindung dieser Plug-ins durch uns erfolgt im Wege der sogenannten Zwei-Klick-Methode um Besucher unserer Webseite bestm\u00f6glich zu sch\u00fctzen.<\/p>\n<h6>a) \u201eFacebook\u201c-Social-Plug-in<\/h6>\n<p>In unserem Internetauftritt setzen wir das Plug-in des Social-Networks Facebook ein. Bei Facebook handelt es sich um einen Internetservice der facebook Inc., 1601 S. California Ave, Palo Alto, CA 94304, USA. In der EU wird dieser Service wiederum von der Facebook Ireland Limited, 4 Grand Canal Square, Dublin 2, Irland, betrieben, nachfolgend beide nur \u201eFacebook\u201c genannt. Durch die Zertifizierung nach dem EU-US-Datenschutzschild (\u201eEU-US Privacy Shield\u201c) <a href=\"https:\/\/www.privacyshield.gov\/participant?id=a2zt0000000GnywAAC&amp;status=Active\" target=\"_blank\" rel=\"noopener\">https:\/\/www.privacyshield.gov\/participant?id=a2zt0000000GnywAAC&amp;status=Active <\/a>garantiert Facebook, dass die Datenschutzvorgaben der EU auch bei der Verarbeitung von Daten in den USA eingehalten werden. Rechtsgrundlage ist Art. 6 Abs. 1 lit. f) DSGVO. Unser berechtigtes Interesse liegt in der Qualit\u00e4tsverbesserung unseres Internetauftritts. Weitergehende Informationen \u00fcber die m\u00f6glichen Plug-ins sowie \u00fcber deren jeweilige Funktionen h\u00e4lt Facebook unter <a href=\"https:\/\/developers.facebook.com\/docs\/plugins\/\" target=\"_blank\" rel=\"noopener\">https:\/\/developers.facebook.com\/docs\/plugins\/ <\/a>f\u00fcr Sie bereit. Sofern das Plug-in auf einer der von Ihnen besuchten Seiten unseres Internetauftritts hinterlegt ist, l\u00e4dt Ihr Internet-Browser eine Darstellung des Plug-ins von den Servern von Facebook in den USA herunter. Aus technischen Gr\u00fcnden ist es dabei notwendig, dass Facebook Ihre IP-Adresse verarbeitet. Daneben werden aber auch Datum und Uhrzeit des Besuchs unserer Internetseiten erfasst. Sollten Sie bei Facebook eingeloggt sein, w\u00e4hrend Sie eine unserer mit dem Plug-in versehenen Internetseite besuchen, werden die durch das Plug-in gesammelten Informationen Ihres konkreten Besuchs von Facebook erkannt. Die so gesammelten Informationen weist Facebook wom\u00f6glich Ihrem dortigen pers\u00f6nlichen Nutzerkonto zu. Sofern Sie also bspw. den sog. \u201eGef\u00e4llt mir\u201c-Button von Facebook benutzen, werden diese Informationen in Ihrem Facebook-Nutzerkonto gespeichert und ggf. \u00fcber die Plattform von Facebook ver\u00f6ffentlicht. Wenn Sie das verhindern m\u00f6chten, m\u00fcssen Sie sich entweder vor dem Besuch unseres Internetauftritts bei Facebook ausloggen oder durch den Einsatz eines Add-ons f\u00fcr Ihren Internetbrowser verhindern, dass das Laden des Facebook-Plug-in blockiert wird. Weitergehende Informationen \u00fcber die Erhebung und Nutzung von Daten sowie Ihre diesbez\u00fcglichen Rechte und Schutzm\u00f6glichkeiten h\u00e4lt Facebook in den unter <a href=\"https:\/\/www.facebook.com\/policy.php\" target=\"_blank\" rel=\"noopener\">https:\/\/www.facebook.com\/policy.php<\/a> abrufbaren Datenschutzhinweisen bereit.<\/p>\n<ul>\n<li style=\"padding-left: 30px;\">Profileinstellungen bei Facebook:<br \/>\n<a href=\"https:\/\/www.facebook.com\/ads\/preferences\/?entry_product=ad_settings_screen\" target=\"_blank\" rel=\"noopener\">https:\/\/www.facebook.com\/ads\/preferences\/?entry_product=ad_settings_screen<\/a><\/li>\n<li style=\"padding-left: 30px;\">Cookie-Deaktivierungsseite der US-amerikanischen Website:<br \/>\n<a href=\"http:\/\/optout.aboutads.info\/?c=2#!\/\" target=\"_blank\" rel=\"noopener\">http:\/\/optout.aboutads.info\/?c=2#!\/<\/a><\/li>\n<li style=\"padding-left: 30px;\">Cookie-Deaktivierungsseite der europ\u00e4ischen Website:<br \/>\n<a href=\"http:\/\/optout.networkadvertising.org\/?c=1#!\/\" target=\"_blank\" rel=\"noopener\">http:\/\/optout.networkadvertising.org\/?c=1#!\/<\/a><\/li>\n<\/ul>\n<h6>b) \u201eTwitter\u201c-Social-Plug-in<\/h6>\n<p>In unserem Internetauftritt setzen wir das Plug-in des Social-Networks Twitter ein. Bei Twitter handelt es sich um einen Internetservice der Twitter Inc., 795 Folsom St., Suite 600, San Francisco, CA 94107, USA, nachfolgend nur \u201eTwitter\u201c genannt. Durch die Zertifizierung nach dem EU-US-Datenschutzschild (\u201eEU-US Privacy Shield\u201c) <a href=\"https:\/\/www.privacyshield.gov\/participant?id=a2zt0000000TORzAAO&amp;status=Active\" target=\"_blank\" rel=\"noopener\">https:\/\/www.privacyshield.gov\/participant?id=a2zt0000000TORzAAO&amp;status=Active <\/a>garantiert Twitter, dass die Datenschutzvorgaben der EU auch bei der Verarbeitung von Daten in den USA eingehalten werden. Rechtsgrundlage ist Art. 6 Abs. 1 lit. f) DSGVO. Unser berechtigtes Interesse liegt in der Qualit\u00e4tsverbesserung unseres Internetauftritts. Sofern das Plug-in auf einer der von Ihnen besuchten Seiten unseres Internetauftritts hinterlegt ist, l\u00e4dt Ihr Internet-Browser eine Darstellung des Plug-ins von den Servern von Twitter in den USA herunter. Aus technischen Gr\u00fcnden ist es dabei notwendig, dass Twitter Ihre IP-Adresse verarbeitet. Daneben werden aber auch Datum und Uhrzeit des Besuchs unserer Internetseiten erfasst. Sollten Sie bei Twitter eingeloggt sein, w\u00e4hrend Sie eine unserer mit dem Plug-in versehenen Internetseite besuchen, werden die durch das Plug-in gesammelten Informationen Ihres konkreten Besuchs von Twitter erkannt. Die so gesammelten Informationen weist Twitter wom\u00f6glich Ihrem dortigen pers\u00f6nlichen Nutzerkonto zu. Sofern Sie also bspw. den sog. \u201eTeilen\u201c-Button von Twitter benutzen, werden diese Informationen in Ihrem Twitter-Nutzerkonto gespeichert und ggf. \u00fcber die Plattform von Twitter ver\u00f6ffentlicht. Wenn Sie das verhindern m\u00f6chten, m\u00fcssen Sie sich entweder vor dem Besuch unseres Internetauftritts bei Twitter ausloggen oder die entsprechenden Einstellungen in Ihrem Twitter-Benutzerkonto vornehmen. Weitergehende Informationen \u00fcber die Erhebung und Nutzung von Daten sowie Ihre diesbez\u00fcglichen Rechte und Schutzm\u00f6glichkeiten h\u00e4lt Twitter in den unter <a href=\"https:\/\/twitter.com\/privacy\" target=\"_blank\" rel=\"noopener\">https:\/\/twitter.com\/privacy<\/a> abrufbaren Datenschutzhinweisen bereit.<\/p>\n<h6>c) \u201eInstagram\u201c-Social-Plug-in<\/h6>\n<p>Auf unseren Internetseiten werden auch Pluggins von Instagram verwendet, das von der Instagram LLC., 1601 Willow Road, Menlo Park, CA 94025, USA (\u201eInstagram\u201c) betrieben wird. Die Plugins sind mit einem Instagram-Logo beispielsweise in Form einer \u201eInstagram-Kamera\u201c gekennzeichnet. Wenn Sie eine Seite unseres Webauftritts aufrufen, die ein solches Plugin enth\u00e4lt, stellt Ihr Browser eine direkte Verbindung zu den Servern von Instagram her. Der Inhalt des Plugins wird von Instagram direkt an Ihren Browser \u00fcbermittelt und in die Seite eingebunden. Durch diese Einbindung erh\u00e4lt Instagram die Information, dass Ihr Browser die entsprechende Seite unseres Webauftritts aufgerufen hat, auch wenn Sie kein Instagram-Profil besitzen oder gerade nicht bei Instagram eingeloggt sind. Diese Information (einschlie\u00dflich Ihrer IP-Adresse) wird von Ihrem Browser direkt an einen Server von Instagram in die USA \u00fcbermittelt und dort gespeichert. Sind Sie bei Instagram eingeloggt, kann Instagram den Besuch unserer Website Ihrem Instagram-Account unmittelbar zuordnen. Wenn Sie mit den Plugins interagieren, zum Beispiel das \u201eInstagram\u201c-Button bet\u00e4tigen, wird diese Information ebenfalls direkt an einen Server von Instagram \u00fcbermittelt und dort gespeichert. Die Informationen werden au\u00dferdem auf Ihrem Instagram-Account ver\u00f6ffentlicht und dort Ihren Kontakten angezeigt. Wenn Sie nicht m\u00f6chten, dass Instagram die \u00fcber unseren Webauftritt gesammelten Daten unmittelbar Ihrem Instagram-Account zuordnet, m\u00fcssen Sie sich vor Ihrem Besuch unserer Website bei Instagram ausloggen.<\/p>\n<p>Weitere Informationen hierzu Sie in der <strong>Datenschutzerkl\u00e4rung<\/strong> <a href=\"https:\/\/help.instagram.com\/155833707900388\" target=\"_blank\" rel=\"noopener\">(https:\/\/help.instagram.com\/155833707900388)<\/a> von Instagram.<\/p>\n<hr \/>\n<h4>4) Widerspruchsrecht<\/h4>\n<p>Sofern Ihre personenbezogenen Daten auf Grundlage von berechtigten Interessen gem\u00e4\u00df Art. 6 Abs. 1 S. 1 lit. f DSGVO verarbeitet werden, haben Sie das Recht, gem\u00e4\u00df Art. 21 DSGVO Widerspruch gegen die Verarbeitung Ihrer personenbezogenen Daten einzulegen, soweit daf\u00fcr Gr\u00fcnde vorliegen, die sich aus Ihrer besonderen Situation ergeben oder sich der Widerspruch gegen Direktwerbung richtet. Im letzteren Fall haben Sie ein generelles Widerspruchsrecht, das ohne Angabe einer besonderen Situation von uns umgesetzt wird. M\u00f6chten Sie von Ihrem Widerrufs- oder Widerspruchsrecht Gebrauch machen, gen\u00fcgt eine E-Mail an mail@marion-meinberg.de<\/p>\n<hr \/>\n<h4>5) Aktualit\u00e4t und \u00c4nderung dieser Datenschutzerkl\u00e4rung<\/h4>\n<p>Diese Datenschutzerkl\u00e4rung ist aktuell g\u00fcltig und hat den Stand Mai 2018.Durch die Weiterentwicklung unserer Website und Angebote dar\u00fcber oder aufgrund ge\u00e4nderter gesetzlicher beziehungsweise beh\u00f6rdlicher Vorgaben kann es notwendig werden, diese Datenschutzerkl\u00e4rung zu \u00e4ndern. Die jeweils aktuelle Datenschutzerkl\u00e4rung kann jederzeit auf der Website unter <a href=\"http:\/\/www.art.marion-meinberg.de\/\" target=\"_blank\" rel=\"noopener\">www.art.marion-meinberg.de\/datenschutz<\/a> von Ihnen abgerufen und ausgedruckt werden.<br \/>\nDie Datenschutzerkl\u00e4rung wurde teilweise erstellt mit dem <a href=\"https:\/\/www.ratgeberrecht.eu\/leistungen\/muster-datenschutzerklaerung.html\" target=\"_blank\" rel=\"noopener\">Muster-Datenschutzerkl\u00e4rung<\/a> der <a href=\"https:\/\/www.ratgeberrecht.eu\/\" target=\"_blank\" rel=\"noopener\">Anwaltskanzlei Wei\u00df &amp; Partner<\/a><\/p>\n<hr \/>\n<h4>Eine \u00dcbermittlung Ihrer pers\u00f6nlichen Daten an Dritte zu anderen als den im Folgenden aufgef\u00fchrten Zwecken findet nicht statt.<\/h4>\n<p>Ich gebe Ihre pers\u00f6nlichen Daten nur an Dritte weiter, wenn:<\/p>\n<ul>\n<li style=\"padding-left: 30px;\">Sie Ihre nach Art. 6 Abs. 1 S. 1 lit. a DSGVO ausdr\u00fcckliche Einwilligung dazu erteilt haben,<\/li>\n<li style=\"padding-left: 30px;\">die Weitergabe nach Art. 6 Abs. 1 S. 1 lit. f DSGVO zur Geltendmachung, Aus\u00fcbung oder Verteidigung von Rechtsanspr\u00fcchen erforderlich ist und kein Grund zur Annahme besteht, dass Sie ein \u00fcberwiegendes schutzw\u00fcrdiges Interesse an der Nichtweitergabe Ihrer Daten haben,<\/li>\n<li style=\"padding-left: 30px;\">f\u00fcr den Fall, dass f\u00fcr die Weitergabe nach Art. 6 Abs. 1 S. 1 lit. c DSGVO eine gesetzliche Verpflichtung besteht, sowie<\/li>\n<li style=\"padding-left: 30px;\">dies gesetzlich zul\u00e4ssig und nach Art. 6 Abs. 1 S. 1 lit. b DSGVO f\u00fcr die Abwicklung von Vertragsverh\u00e4ltnissen mit Ihnen erforderlich ist.<\/li>\n<\/ul>\n<hr \/>\n<h4>Minderj\u00e4hrige:<\/h4>\n<p>Das Angebot richtet sich grunds\u00e4tzlich an Erwachsene. Personen unter 16 Jahren sollten ohne Zustimmung der Eltern oder Erziehungsberechtigten keine personenbezogenen Daten an mich \u00fcbermitteln.<\/p>\n<hr \/>\n<p>&nbsp;","protected":false},"excerpt":{"rendered":"<p>Liebe Besucher meiner Art-Webseite, Ich freue mich sehr \u00fcber Ihr Interesse an meiner Seite. Datenschutz hat einen besonders hohen Stellenwert f\u00fcr Marion Meinberg \/ Art. Eine Nutzung meiner Internetseiteist ist grunds\u00e4tzlich ohne jede Angabe&#46;&#46;&#46;<\/p>\n","protected":false},"author":1,"featured_media":0,"parent":0,"menu_order":0,"comment_status":"closed","ping_status":"closed","template":"","meta":{"ngg_post_thumbnail":0},"aioseo_notices":[],"_links":{"self":[{"href":"https:\/\/art.marion-meinberg.de\/en\/wp-json\/wp\/v2\/pages\/228"}],"collection":[{"href":"https:\/\/art.marion-meinberg.de\/en\/wp-json\/wp\/v2\/pages"}],"about":[{"href":"https:\/\/art.marion-meinberg.de\/en\/wp-json\/wp\/v2\/types\/page"}],"author":[{"embeddable":true,"href":"https:\/\/art.marion-meinberg.de\/en\/wp-json\/wp\/v2\/users\/1"}],"replies":[{"embeddable":true,"href":"https:\/\/art.marion-meinberg.de\/en\/wp-json\/wp\/v2\/comments?post=228"}],"version-history":[{"count":8,"href":"https:\/\/art.marion-meinberg.de\/en\/wp-json\/wp\/v2\/pages\/228\/revisions"}],"predecessor-version":[{"id":2979,"href":"https:\/\/art.marion-meinberg.de\/en\/wp-json\/wp\/v2\/pages\/228\/revisions\/2979"}],"wp:attachment":[{"href":"https:\/\/art.marion-meinberg.de\/en\/wp-json\/wp\/v2\/media?parent=228"}],"curies":[{"name":"wp","href":"https:\/\/api.w.org\/{rel}","templated":true}]}}